{"id":2890,"date":"2021-10-25T16:10:04","date_gmt":"2021-10-25T14:10:04","guid":{"rendered":"https:\/\/apartmany-staraskola.cz\/unsere-geschichte\/"},"modified":"2025-06-16T13:29:03","modified_gmt":"2025-06-16T11:29:03","slug":"unsere-geschichte","status":"publish","type":"page","link":"https:\/\/apartmany-staraskola.cz\/de\/unsere-geschichte\/","title":{"rendered":"Unsere Geschichte"},"content":{"rendered":"<p><div class=\"fusion-fullwidth fullwidth-box fusion-builder-row-1 fusion-flex-container nonhundred-percent-fullwidth non-hundred-percent-height-scrolling\" style=\"background-color: rgba(255,255,255,0);background-position: center center;background-repeat: no-repeat;border-width: 0px 0px 0px 0px;border-color:#eae9e9;border-style:solid;\" ><div class=\"fusion-builder-row fusion-row fusion-flex-align-items-flex-start\" style=\"max-width:1216.8px;margin-left: calc(-4% \/ 2 );margin-right: calc(-4% \/ 2 );\"><div class=\"fusion-layout-column fusion_builder_column fusion-builder-column-0 fusion_builder_column_1_1 1_1 fusion-flex-column\"><div class=\"fusion-column-wrapper fusion-flex-justify-content-flex-start fusion-content-layout-column\" style=\"background-position:left top;background-repeat:no-repeat;-webkit-background-size:cover;-moz-background-size:cover;-o-background-size:cover;background-size:cover;padding: 0px 0px 0px 0px;\"><style type=\"text\/css\">@media only screen and (max-width:1024px) {.fusion-title.fusion-title-1{margin-top:0px!important; margin-right:0px!important;margin-bottom:0px!important;margin-left:0px!important;}}@media only screen and (max-width:640px) {.fusion-title.fusion-title-1{margin-top:0px!important; margin-right:0px!important;margin-bottom:20px!important; margin-left:0px!important;}}<\/style><div class=\"fusion-title title fusion-title-1 fusion-title-text fusion-title-size-four\" style=\"margin-top:0px;margin-right:0px;margin-bottom:0px;margin-left:0px;\"><div class=\"title-sep-container title-sep-container-left fusion-no-large-visibility fusion-no-medium-visibility fusion-no-small-visibility\"><div class=\"title-sep sep-\" style=\"border-color:#e0dede;\"><\/div><\/div><span class=\"awb-title-spacer fusion-no-large-visibility fusion-no-medium-visibility fusion-no-small-visibility\"><\/span><h4 class=\"title-heading-left fusion-responsive-typography-calculated\" style=\"margin:0;--fontSize:18;--minFontSize:18px;line-height:1.67;\">APARTMENTS STAR\u00c1 \u0160KOLA<\/h4><span class=\"awb-title-spacer\"><\/span><div class=\"title-sep-container title-sep-container-right\"><div class=\"title-sep sep-\" style=\"border-color:#e0dede;\"><\/div><\/div><\/div><style type=\"text\/css\">@media only screen and (max-width:1024px) {.fusion-title.fusion-title-2{margin-top:0px!important; margin-right:0px!important;margin-bottom:0px!important;margin-left:0px!important;}}@media only screen and (max-width:640px) {.fusion-title.fusion-title-2{margin-top:0px!important; margin-right:0px!important;margin-bottom:20px!important; margin-left:0px!important;}}<\/style><div class=\"fusion-title title fusion-title-2 fusion-title-text fusion-title-size-two\" style=\"margin-top:0px;margin-right:0px;margin-bottom:0px;margin-left:0px;\"><div class=\"title-sep-container title-sep-container-left fusion-no-large-visibility fusion-no-medium-visibility fusion-no-small-visibility\"><div class=\"title-sep sep-\" style=\"border-color:#e0dede;\"><\/div><\/div><span class=\"awb-title-spacer fusion-no-large-visibility fusion-no-medium-visibility fusion-no-small-visibility\"><\/span><h2 class=\"title-heading-left fusion-responsive-typography-calculated\" style=\"margin:0;--fontSize:26;--minFontSize:26px;line-height:1.69;\">UNSERE GESCHICHTE<\/h2><span class=\"awb-title-spacer\"><\/span><div class=\"title-sep-container title-sep-container-right\"><div class=\"title-sep sep-\" style=\"border-color:#e0dede;\"><\/div><\/div><\/div><div class=\"fusion-separator fusion-has-icon fusion-full-width-sep\" style=\"align-self: center;margin-left: auto;margin-right: auto;width:100%;\"><div class=\"fusion-separator-border sep-single sep-solid\" style=\"border-color:#533519;border-top-width:1px;\"><\/div><span class=\"icon-wrapper\" style=\"border-color:#533519;background-color:rgba(255,255,255,0);font-size:16px;width: 1.75em; height: 1.75em;border-width:1px;padding:1px;margin-top:-0.5px\"><i class=\"fa-book-open fas\" style=\"font-size: inherit;color:#533519;\" aria-hidden=\"true\"><\/i><\/span><div class=\"fusion-separator-border sep-single sep-solid\" style=\"border-color:#533519;border-top-width:1px;\"><\/div><\/div><\/div><style type=\"text\/css\">.fusion-body .fusion-builder-column-0{width:100% !important;margin-top : 30px;margin-bottom : 20px;}.fusion-builder-column-0 > .fusion-column-wrapper {padding-top : 0px !important;padding-right : 0px !important;margin-right : 1.92%;padding-bottom : 0px !important;padding-left : 0px !important;margin-left : 1.92%;}@media only screen and (max-width:1024px) {.fusion-body .fusion-builder-column-0{width:100% !important;order : 0;}.fusion-builder-column-0 > .fusion-column-wrapper {margin-right : 1.92%;margin-left : 1.92%;}}@media only screen and (max-width:640px) {.fusion-body .fusion-builder-column-0{width:100% !important;order : 0;}.fusion-builder-column-0 > .fusion-column-wrapper {margin-right : 1.92%;margin-left : 1.92%;}}<\/style><\/div><\/div><style type=\"text\/css\">.fusion-body .fusion-flex-container.fusion-builder-row-1{ padding-top : 0px;margin-top : 0px;padding-right : 0px;padding-bottom : 0px;margin-bottom : 0px;padding-left : 0px;}<\/style><\/div><div class=\"fusion-fullwidth fullwidth-box fusion-builder-row-2 fusion-flex-container nonhundred-percent-fullwidth non-hundred-percent-height-scrolling\" style=\"background-color: rgba(255,255,255,0);background-position: center center;background-repeat: no-repeat;border-width: 0px 0px 0px 0px;border-color:#eae9e9;border-style:solid;\" ><div class=\"fusion-builder-row fusion-row fusion-flex-align-items-flex-start\" style=\"max-width:1216.8px;margin-left: calc(-4% \/ 2 );margin-right: calc(-4% \/ 2 );\"><div class=\"fusion-layout-column fusion_builder_column fusion-builder-column-1 fusion_builder_column_3_4 3_4 fusion-flex-column\"><div class=\"fusion-column-wrapper fusion-flex-justify-content-flex-start fusion-content-layout-column\" style=\"background-position:left top;background-repeat:no-repeat;-webkit-background-size:cover;-moz-background-size:cover;-o-background-size:cover;background-size:cover;padding: 0px 0px 0px 0px;\"><div class=\"fusion-text fusion-text-1\" style=\"font-size:22px;\"><p>Die erste Erw\u00e4hnung des Hauses finden wir bereits im Jahr 1846. Laut Archiven und Aussagen von Zeitzeugen diente das Haus eine Zeit lang als Schule f\u00fcr die Kinder aus der Umgebung.<\/p>\n<p>Die derzeitige Renovierung der Alten Schule dauerte mehrere Jahre. Bei den Reparaturen haben wir alles gerettet, was erhalten geblieben war \u2013 Holzdecken, Fu\u00dfb\u00f6den, T\u00fcren und viele andere Elemente. Alle M\u00f6bel wurden sorgf\u00e4ltig renoviert, um ihre vergessene Sch\u00f6nheit wieder zum Vorschein zu bringen. Die Renovierung der Alten Schule wurde zu unserem Hobby, und wir haben ein St\u00fcck unseres Herzens darin investiert. Auch deshalb ist es uns gelungen, eine angenehme Umgebung zu schaffen, in der unsere G\u00e4ste den Geist vergangener Zeiten sp\u00fcren k\u00f6nnen.<\/p>\n<p>Die Star\u00e1 \u0160kola befindet sich in der malerischen Kleinstadt Kr\u00e1sn\u00e1 L\u00edpa, dem Zentrum des Nationalparks B\u00f6hmische Schweiz. Ihren Aufenthalt hier k\u00f6nnen Sie mit einem Besuch der S\u00e4chsischen Schweiz, der Elbsandsteingebirge oder der nahe gelegenen Lausitzer Berge verbinden. Die Stadt selbst bietet eine Reihe von Aktivit\u00e4ten und interessanten Orten, die Ihren Aufenthalt abwechslungsreich gestalten werden.<\/p>\n<p>Die Star\u00e1 \u0160kola bietet 3 Apartments mit Platz f\u00fcr bis zu 10 G\u00e4ste. Es gibt einen Garten mit Pergola und Grill, eine Sitzecke aus Stein mit Feuerstelle, eine Terrasse mit Grill, einen kleinen Kinderspielplatz mit Spielzeug und ein Trampolin. Au\u00dferdem k\u00f6nnen Sie einen privaten Parkplatz, eine Kaffeemaschine mit Kaffeebohnen und die M\u00f6glichkeit, Stadtfahrr\u00e4der auszuleihen, nutzen. Wir bieten auch die M\u00f6glichkeit, Bier aus der lokalen Brauerei Falken\u0161tejn zu kaufen.<\/p>\n<p>Wir laden Sie herzlich ein, sich zu entspannen, zu meditieren und neue Kraft zu tanken.<\/p>\n<h2><strong>Andrea und Martin<\/strong><\/h2>\n<\/div><\/div><style type=\"text\/css\">.fusion-body .fusion-builder-column-1{width:75% !important;margin-top : 0px;margin-bottom : 20px;}.fusion-builder-column-1 > .fusion-column-wrapper {padding-top : 0px !important;padding-right : 0px !important;margin-right : 2.56%;padding-bottom : 0px !important;padding-left : 0px !important;margin-left : 2.56%;}@media only screen and (max-width:1024px) {.fusion-body .fusion-builder-column-1{width:100% !important;order : 0;}.fusion-builder-column-1 > .fusion-column-wrapper {margin-right : 1.92%;margin-left : 1.92%;}}@media only screen and (max-width:640px) {.fusion-body .fusion-builder-column-1{width:100% !important;order : 0;}.fusion-builder-column-1 > .fusion-column-wrapper {margin-right : 1.92%;margin-left : 1.92%;}}<\/style><\/div><div class=\"fusion-layout-column fusion_builder_column fusion-builder-column-2 fusion_builder_column_1_4 1_4 fusion-flex-column\"><div class=\"fusion-column-wrapper fusion-flex-justify-content-flex-start fusion-content-layout-column\" style=\"background-position:left top;background-repeat:no-repeat;-webkit-background-size:cover;-moz-background-size:cover;-o-background-size:cover;background-size:cover;padding: 0px 0px 0px 0px;\"><div ><span class=\" fusion-imageframe imageframe-none imageframe-1 hover-type-none\"><img decoding=\"async\" width=\"1125\" height=\"1125\" title=\"IMG_1758okk 4\" src=\"http:\/\/apartmany-staraskola.cz\/wp-content\/uploads\/2020\/10\/IMG_1758okk-4.jpg\" class=\"img-responsive wp-image-2853\" srcset=\"https:\/\/apartmany-staraskola.cz\/wp-content\/uploads\/2020\/10\/IMG_1758okk-4-200x200.jpg 200w, https:\/\/apartmany-staraskola.cz\/wp-content\/uploads\/2020\/10\/IMG_1758okk-4-400x400.jpg 400w, https:\/\/apartmany-staraskola.cz\/wp-content\/uploads\/2020\/10\/IMG_1758okk-4-600x600.jpg 600w, https:\/\/apartmany-staraskola.cz\/wp-content\/uploads\/2020\/10\/IMG_1758okk-4-800x800.jpg 800w, https:\/\/apartmany-staraskola.cz\/wp-content\/uploads\/2020\/10\/IMG_1758okk-4.jpg 1125w\" sizes=\"(max-width: 1024px) 100vw, (max-width: 640px) 100vw, 400px\" \/><\/span><\/div><\/div><style type=\"text\/css\">.fusion-body .fusion-builder-column-2{width:25% !important;margin-top : 0px;margin-bottom : 20px;}.fusion-builder-column-2 > .fusion-column-wrapper {padding-top : 0px !important;padding-right : 0px !important;margin-right : 7.68%;padding-bottom : 0px !important;padding-left : 0px !important;margin-left : 7.68%;}@media only screen and (max-width:1024px) {.fusion-body .fusion-builder-column-2{width:100% !important;order : 0;}.fusion-builder-column-2 > .fusion-column-wrapper {margin-right : 1.92%;margin-left : 1.92%;}}@media only screen and (max-width:640px) {.fusion-body .fusion-builder-column-2{width:100% !important;order : 0;}.fusion-builder-column-2 > .fusion-column-wrapper {margin-right : 1.92%;margin-left : 1.92%;}}<\/style><\/div><\/div><style type=\"text\/css\">.fusion-body .fusion-flex-container.fusion-builder-row-2{ padding-top : 0px;margin-top : 0px;padding-right : 0px;padding-bottom : 0px;margin-bottom : 0px;padding-left : 0px;}<\/style><\/div><\/p>\n","protected":false},"excerpt":{"rendered":"","protected":false},"author":1,"featured_media":0,"parent":0,"menu_order":0,"comment_status":"closed","ping_status":"closed","template":"","meta":{"footnotes":""},"_links":{"self":[{"href":"https:\/\/apartmany-staraskola.cz\/de\/wp-json\/wp\/v2\/pages\/2890"}],"collection":[{"href":"https:\/\/apartmany-staraskola.cz\/de\/wp-json\/wp\/v2\/pages"}],"about":[{"href":"https:\/\/apartmany-staraskola.cz\/de\/wp-json\/wp\/v2\/types\/page"}],"author":[{"embeddable":true,"href":"https:\/\/apartmany-staraskola.cz\/de\/wp-json\/wp\/v2\/users\/1"}],"replies":[{"embeddable":true,"href":"https:\/\/apartmany-staraskola.cz\/de\/wp-json\/wp\/v2\/comments?post=2890"}],"version-history":[{"count":2,"href":"https:\/\/apartmany-staraskola.cz\/de\/wp-json\/wp\/v2\/pages\/2890\/revisions"}],"predecessor-version":[{"id":2935,"href":"https:\/\/apartmany-staraskola.cz\/de\/wp-json\/wp\/v2\/pages\/2890\/revisions\/2935"}],"wp:attachment":[{"href":"https:\/\/apartmany-staraskola.cz\/de\/wp-json\/wp\/v2\/media?parent=2890"}],"curies":[{"name":"wp","href":"https:\/\/api.w.org\/{rel}","templated":true}]}}